{"id":31,"date":"2011-03-24T14:26:26","date_gmt":"2011-03-24T14:26:26","guid":{"rendered":"http:\/\/epso.umh.es\/?page_id=31"},"modified":"2020-07-07T22:27:19","modified_gmt":"2020-07-07T20:27:19","slug":"historia","status":"publish","type":"page","link":"https:\/\/epso.umh.es\/en\/la-escuela\/historia\/","title":{"rendered":"Historia"},"content":{"rendered":"<p><\/p>\n<h3><a href=\"https:\/\/epso.umh.es\/files\/2011\/03\/Panorama_epso152.jpg\"><img loading=\"lazy\" class=\"aligncenter size-large wp-image-52\" title=\"Panorama_epso152\" src=\"https:\/\/epso.umh.es\/files\/2011\/03\/Panorama_epso152-1024x149.jpg\" alt=\"\" width=\"717\" height=\"104\" srcset=\"https:\/\/epso.umh.es\/files\/2011\/03\/Panorama_epso152-1024x149.jpg 1024w, https:\/\/epso.umh.es\/files\/2011\/03\/Panorama_epso152-300x43.jpg 300w\" sizes=\"(max-width: 717px) 100vw, 717px\" \/><\/a><\/h3>\n<h3><strong>Introducci\u00f3n<\/strong><\/h3>\n<p>La  Escuela Polit\u00e9cnica Superior de Orihuela (EPSO) comenz\u00f3 a gestarse en <strong>1968<\/strong> incentivada por la llegada del Trasvase Tajo-Segura, que ofrec\u00eda  continuidad y posibilidades de expansi\u00f3n a la agricultura de la Vega  Baja del Segura. El objetivo era transformar la<strong> Fina \u201cLa Granja\u201d<\/strong>, que  funcionaba como centro de experimentaci\u00f3n dependiente de la  Confederaci\u00f3n Hidrogr\u00e1fica del Segura, en una Escuela Polit\u00e9cnica que  devolviese a la ciudad de Orihuela su car\u00e1cter universitario.<br \/>\nAs\u00ed, la historia de la EPSO comienza en <strong>1972<\/strong>,\u00a0 cuando se estableci\u00f3 una Secci\u00f3n Delegada dependiente de  la Escuela Universitaria de Ingiener\u00eda T\u00e9cnica Agr\u00edcola de Valencia en  el Instituto T\u00e9cnico Profesional del Palmeral, al no encontrarse  disponibles las instalaciones de \u00a0\u201cLa Granja\u201d.<br \/>\nTras 10 a\u00f1os de esfuerzo, en <strong>1978<\/strong> la Secci\u00f3n Delegada pas\u00f3 a ser la  Escuela Universitaria de Ingenier\u00eda T\u00e9cnica Agr\u00edcola de Orihuela.<br \/>\nEn <strong>1995<\/strong> la Escuela Universitaria se convirti\u00f3 en lo que es hoy, Escuela Polit\u00e9cnica Superior de Orihuela.<br \/>\nEn <strong>1996<\/strong>, la EPSO es transferida a la Universidad Miguel Hern\u00e1ndez.<\/p>\n<p>&#8212;&#8212;&#8212;&#8212;&#8212;&#8212;&#8212;&#8212;&#8212;&#8212;&#8212;&#8212;&#8212;&#8212;&#8212;&#8212;&#8212;&#8212;&#8212;&#8212;&#8212;&#8212;&#8212;&#8212;&#8212;&#8212;&#8212;&#8212;&#8212;&#8212;<\/p>\n<p>Con motivo del <strong>35 aniversario<\/strong>, en <strong>2008<\/strong> se edit\u00f3 un libro conmemorativo en el que se recog\u00edan una rese\u00f1a hist\u00f3rica sobre el origen de la EPSO del Vice-presidente y posterior Presidente del Patronato Promotor de centros de Ense\u00f1anza de Orihuela<em> D. Pedro Cartagena Bueno<\/em>; y una carta del Director de la EPSO <em>D. Juan Jos\u00e9 Ruiz Mart\u00ednez<\/em>.<\/p>\n<h4><strong>Rese\u00f1a Hist\u00f3rica del Vice-Presidente y posterior Presidente del Patronato Promotor de Centros de Ense\u00f1anza de\u00a0 Orihuela D. Pedro Cartagena Bueno (1970)<\/strong><\/h4>\n<p>En 1.968, una comisi\u00f3n presidida por Manuel Monz\u00f3n Meseguer, alcalde de Orihuela, e integrada por Tomas L\u00f3pez Galindo, Pedro Cartagena Bueno, en aquel entonces Primer Teniente de Alcalde del Excmo. Ayuntamiento, Antonio Garc\u00eda Molina Mart\u00ednez, J. Antonio Garc\u00eda- Galiano, Jos\u00e9 Balaguer Balaguer, Joaqu\u00edn Ezcurra Alonso y Cayetano L\u00f3pez Noguera, todos ellos integrantes del \u201cPatronato Hist\u00f3rico-Art\u00edstico de la ciudad de Orihuela\u201d se desplaz\u00f3 a Madrid para entrevistarse con D. Jos\u00e9 Luis Villar Palas\u00ed, Ministro de Educaci\u00f3n y Ciencia, vinculado a Orihuela a trav\u00e9s de su mujer, hija del oriolano D. Angel Ezcurra S\u00e1nchez.<br \/>\nEl objetivo de la visita fue la de exponerle al Sr. Villar Palas\u00ed, la necesidad sentida por la Vega Baja del Segura, de contar con una Escuela de Ingenier\u00eda T\u00e9cnica Agr\u00edcola, necesidad en aquel entonces incrementada, con vistas a la pr\u00f3xima llegada de las aguas del Trasvase Tajo-Segura, que demandaba la industrializaci\u00f3n de los productos de nuestra agricultura, lo que aconsejaba que dicha Escuela fuera en el futuro complementada con la conveniente docencia polit\u00e9cnica a fin de lograr los t\u00e9cnicos de grado medio y polivalente (agricultura, industria y econom\u00eda) necesarios, para promocionar futuras Industrias Agr\u00edcolas. (Ver acta de constituci\u00f3n del Comit\u00e9 Ejecutivo del Patronato Promotor de Centros de Ense\u00f1anza, fecha 17-10-1.968).<br \/>\nAcogido con gran inter\u00e9s por el Ministro este proyecto, prometi\u00f3 estudiarlo. La Comisi\u00f3n, vuelta a Orihuela, inici\u00f3 su andadura creando una Asamblea General del Patronato Promotor, en la que integr\u00f3 una representaci\u00f3n de todas las Corporaciones, Entidades y Asociaciones de Orihuela y Comarca. Visit\u00f3 a las Autoridades Provinciales- Gobernador Civil, Presidente de la Diputaci\u00f3n- , y a todos los Alcaldes de la Vega Baja y Presidentes de las Hermandades de Agricultores y Ganaderos, etc. consigui\u00e9ndose acuerdos plenarios de dichas corporaciones, que formaron parte de la documentaci\u00f3n que, encabezada por el del Pleno del Excmo. Ayuntamiento de Orihuela, formaliz\u00f3 la petici\u00f3n escrita y oficial que fue remitida al Ministerio.<br \/>\nParalelamente, se intensificaron los contactos y gestiones realizadas para que la finca \u201cLa Granja\u201d, sita en Desamparados, que pertenec\u00eda al Ministerio de Obras P\u00fablicas y que funcionaba como centro de experimentaci\u00f3n dependiente de la Confederaci\u00f3n Hidrogr\u00e1fica del Segura fuera transferida al Ministerio de Educaci\u00f3n y Ciencia a fin de<br \/>\nubicar en la misma las instalaciones de la futura Escuela.<br \/>\nLa complejidad de esta tramitaci\u00f3n, que exig\u00eda informes favorables de la propia Confederaci\u00f3n Hidrogr\u00e1fica del Segura, del Consejo de Estado, del Ministerio de Hacienda y la aquiescencia del Patrimonio del Estado, hizo que se demorase en el tiempo su consecuci\u00f3n, pero el Patronato Promotor sigui\u00f3 incansablemente sus gestiones, en orden a conseguir la Escuela, visitando en Valencia al Rector de la Universidad Polit\u00e9cnica, en cuyo Distrito se integrar\u00eda la misma.<br \/>\nEn el transcurso de este tiempo D. Tomas L\u00f3pez Galindo present\u00f3 en una reuni\u00f3n del Comit\u00e9 Ejecutivo su dimisi\u00f3n como presidente, asumiendo la Presidencia efectiva del Patronato, en virtud de acuerdo un\u00e1nime adoptado en la misma reuni\u00f3n, Pedro Cartagena Bueno, que el 4 de Abril de 1.970 hab\u00eda tomado posesi\u00f3n de la Alcald\u00eda de<br \/>\nOrihuela.<br \/>\nNuevamente se intensifican los desplazamientos a Madrid y Valencia para entrevistarse con el Sr. Ministro, Subsecretario y Director General de Inversiones, as\u00ed como con el Rector de la Polit\u00e9cnica de Valencia del que se consigue visite los terrenos de la Finca \u201cLa Granja\u201d.<br \/>\nResultado de todo ello fue el ofrecimiento por parte del Ministerio de conceder, de momento, una Secci\u00f3n Delegada de la Escuela, dependiente de la Escuela Universitaria de Ingenier\u00eda T\u00e9cnica Agr\u00edcola de Valencia; el Patronato, con sentido pr\u00e1ctico, entendiendo que ello era el primer escal\u00f3n para conseguir la Escuela a la que se aspiraba, una vez vistos los resultados del funcionamiento de la Secci\u00f3n, acept\u00f3 este reto y junto con el Ayuntamiento se volc\u00f3 en su ofrecimiento de colaboraci\u00f3n y medios para su instalaci\u00f3n.<br \/>\nAl no estar disponible todav\u00eda \u201cLa Granja\u201d, provisionalmente se inicia el funcionamiento de la Secci\u00f3n Delegada en las Instalaciones del Instituto T\u00e9cnico Profesional del Palmeral, con profesores buscados por el Patronato y Ayuntamiento, consigui\u00e9ndose una matr\u00edcula de unos 50 alumnos.<br \/>\nSe ampl\u00eda el Patronato con la incorporaci\u00f3n del Director de la Secci\u00f3n Delegada, en aquel entonces D. F\u00e9lix Escudero Jim\u00e9nez durante el primer curso, sigui\u00e9ndole posteriormente D. Fernando Riquelme Ballesteros, siguiendo sus actividades para conseguir la adecuaci\u00f3n de las instalaciones de \u201cLa Granja\u201d, obteniendo subvenciones del Ayuntamiento de Orihuela, Diputaci\u00f3n Provincial y Entidades Locales para incentivar a los profesores que, como nota curiosa, cobraban unas mil pesetas mensuales, corriendo a su cargo los desplazamientos de sus localidades a Orihuela para impartir la docencia.<br \/>\nCon el esfuerzo de todos, la Secci\u00f3n Delegada funcion\u00f3 con los escasos medios a su alcance y sus resultados acad\u00e9micos a finales de curso fueron los apetecibles. El Patronato sigui\u00f3 reuni\u00e9ndose peri\u00f3dicamente en el Ayuntamiento para hacer el seguimiento del desarrollo de la Secci\u00f3n Delegada, no abandonando sus gestiones a todos los niveles hasta conseguir que el proyecto inicial de la creaci\u00f3n en Orihuela de la Escuela Universitaria de Ingenier\u00eda T\u00e9cnica Agr\u00edcola (E.U.I.T.A.) fuera una realidad, y ya siendo Ministro de Educaci\u00f3n y Ciencia D. I\u00f1igo Cavero, en 1.978, la Secci\u00f3n Delegada fue elevada mediante acuerdo del Consejo de Ministros a Escuela Universitaria de Ingenier\u00eda T\u00e9cnica Agr\u00edcola de Orihuela, con autonom\u00eda plena integrada en el Distrito Universitario de la Universidad Polit\u00e9cnica de Valencia.<br \/>\nOrihuela hab\u00eda logrado lo que pretend\u00eda, recuperar su car\u00e1cter universitario.<br \/>\nOrihuela, mayo de 2008<br \/>\n<em>Fdo. Pedro Cartagena Bueno<\/em><\/p>\n<p><em>&#8212;&#8212;&#8212;&#8212;&#8212;&#8212;&#8212;&#8212;&#8212;&#8212;&#8212;&#8212;&#8212;&#8212;&#8212;&#8212;&#8212;&#8212;-<\/em><\/p>\n<h4>Carta del Director de la Escuela Polit\u00e9cnica Superior de Orihuela D. Juan Jos\u00e9 Ruiz Mart\u00ednez<\/h4>\n<p>La Escuela Polit\u00e9cnica Superior de Orihuela (EPSO) de la Universidad Miguel Hern\u00e1ndez de Elche es un centro de educaci\u00f3n e investigaci\u00f3n universitaria que a\u00fana tradici\u00f3n y modernidad. Hace ya casi 40 a\u00f1os, en octubre de 1968, con el fin de proveer de la adecuada asistencia t\u00e9cnica al gran complejo socioecon\u00f3mico que supon\u00eda el aprovechamiento del conjunto Tajo\u2013Segura, el entonces creado Patronato para la Promoci\u00f3n de Centros de Ense\u00f1anza de Orihuela solicit\u00f3 al Ministerio de Educaci\u00f3n y Ciencia la creaci\u00f3n de la Escuela Universitaria de Ingenieros T\u00e9cnicos Agr\u00edcolas (E.U.I.T.A.) de Orihuela. El 22 de septiembre de 1972 se autoriz\u00f3 el comienzo de las actividades, como Secci\u00f3n Delegada de la E.U.I.T.A. de Valencia. Las exitosas actuaciones llevadas a cabo por este Patronato quedan descritas por uno de sus miembros, D. Pedro Cartagena Bueno, en la rese\u00f1a hist\u00f3rica adjunta.<br \/>\nDurante estos 35 a\u00f1os, por las aulas de la EPSO han pasado la mayor parte de los profesionales que actualmente colaboran en el funcionamiento del importante sector agroindustrial de nuestro entorno. En enero de 1995, por Real Decreto publicado en el DOGV, se autorizaba el cambio a Escuela Polit\u00e9cnica Superior, poni\u00e9ndose en marcha la<br \/>\ntitulaci\u00f3n de Ingeniero Agr\u00f3nomo. Previamente, en el curso 94\/95 tambi\u00e9n se hab\u00eda incorporado la titulaci\u00f3n de Ingeniero T\u00e9cnico Agr\u00edcola especialidad en Explotaciones Agropecuarias, complementando a las dos titulaciones existentes, Ingeniero T\u00e9cnico Agr\u00edcola especialidad en Hortofruticultura y Jardiner\u00eda e Ingeniero T\u00e9cnico Agr\u00edcola<br \/>\nespecialidad en Industrias Agrarias y Alimentarias.<br \/>\nLas ampliaciones de titulaciones, adapt\u00e1ndose a la demanda formativa y a las necesidades del entorno socioecon\u00f3mico, sentaron las bases para un notable crecimiento del n\u00famero de alumnos del centro. En 1996 se crea la Universidad Miguel Hern\u00e1ndez de Elche, a la cual es transferida la EPSO, alcanz\u00e1ndose en el curso 2000\/2001 el m\u00e1ximo n\u00famero de alumnos en este centro, en torno a 2400, tras cuatro a\u00f1os formando parte de la UMH y despu\u00e9s de la incorporaci\u00f3n de las nuevas titulaciones de Licenciado en Ciencia y Tecnolog\u00eda de los Alimentos, Licenciado en Enolog\u00eda e Ingeniero T\u00e9cnico en Inform\u00e1tica de Gesti\u00f3n.<br \/>\nHoy en d\u00eda, la EPSO es un destacado Centro de ense\u00f1anza superior universitaria en Ingenier\u00edas y Ciencias Agrarias, Alimentarias, Inform\u00e1tica, Medio Natural y Rural.<br \/>\nCuenta con importantes grupos de investigaci\u00f3n directamente relacionados con todos los \u00e1mbitos educativos citados, lo cual, adem\u00e1s de contribuir a la modernizaci\u00f3n y desarrollo tecnol\u00f3gico del sector, potencia y mejora de forma sin\u00e9rgica la docencia impartida. Se est\u00e1n abordando tambi\u00e9n novedosos enfoques docentes, como la oferta de<br \/>\nformaci\u00f3n semi-presencial en muchas de las titulaciones y m\u00e1steres oficiales, lo cual es fundamental para facilitar la formaci\u00f3n de las personas a lo largo de toda la vida y, poder compaginar trabajo y formaci\u00f3n, aspectos considerados clave en la adaptaci\u00f3n al Espacio Europeo de Educaci\u00f3n Superior.<br \/>\nAunque pueda parecer un contrasentido, dada la actual situaci\u00f3n de la agricultura en Europa y en Espa\u00f1a en particular, hoy en d\u00eda es m\u00e1s necesaria que nunca la participaci\u00f3n de ingenieros y licenciados adecuadamente formados. Deben contribuir a la b\u00fasqueda de alternativas v\u00e1lidas, mediante la informatizaci\u00f3n, la tecnificaci\u00f3n, la investigaci\u00f3n y la diversificaci\u00f3n de la producci\u00f3n agr\u00edcola y alimentaria, centr\u00e1ndose en productos y procesos de alta calidad y de alto valor a\u00f1adido, de los cuales tenemos muchos ejemplos y posibilidades en Espa\u00f1a.<br \/>\nDespu\u00e9s de 35 a\u00f1os de existencia del centro, los profesionales formados en la EPSO seguir\u00e1n contribuyendo al necesario desarrollo de una agricultura y de un sector agroalimentario m\u00e1s moderno y respetuoso con el medio ambiente.<br \/>\nDirector EPSO<\/p>","protected":false},"excerpt":{"rendered":"<p>Introducci\u00f3n<br \/>\nLa  Escuela Polit\u00e9cnica Superior de Orihuela (EPSO) comenz\u00f3 a gestarse en 1968 incentivada por la llegada del Trasvase Tajo-Segura, que ofrec\u00eda  continuidad y posibilidades de expansi\u00f3n a la agricultura de la Vega  Baja del Segura. El objetivo era transformar la Fina \u201cLa Granja\u201d, que  funcionaba como centro de experimentaci\u00f3n dependiente de [&#8230;]<\/p>\n","protected":false},"author":100,"featured_media":0,"parent":1824,"menu_order":1,"comment_status":"closed","ping_status":"closed","template":"","meta":{"_links_to":"","_links_to_target":""},"_links":{"self":[{"href":"https:\/\/epso.umh.es\/en\/wp-json\/wp\/v2\/pages\/31"}],"collection":[{"href":"https:\/\/epso.umh.es\/en\/wp-json\/wp\/v2\/pages"}],"about":[{"href":"https:\/\/epso.umh.es\/en\/wp-json\/wp\/v2\/types\/page"}],"author":[{"embeddable":true,"href":"https:\/\/epso.umh.es\/en\/wp-json\/wp\/v2\/users\/100"}],"replies":[{"embeddable":true,"href":"https:\/\/epso.umh.es\/en\/wp-json\/wp\/v2\/comments?post=31"}],"version-history":[{"count":0,"href":"https:\/\/epso.umh.es\/en\/wp-json\/wp\/v2\/pages\/31\/revisions"}],"up":[{"embeddable":true,"href":"https:\/\/epso.umh.es\/en\/wp-json\/wp\/v2\/pages\/1824"}],"wp:attachment":[{"href":"https:\/\/epso.umh.es\/en\/wp-json\/wp\/v2\/media?parent=31"}],"curies":[{"name":"wp","href":"https:\/\/api.w.org\/{rel}","templated":true}]}}